{"id":100995,"date":"2021-01-25T07:15:42","date_gmt":"2021-01-25T07:15:42","guid":{"rendered":"https:\/\/gipiply.it\/kontakte\/"},"modified":"2024-04-23T10:35:15","modified_gmt":"2024-04-23T10:35:15","slug":"kontakte","status":"publish","type":"page","link":"https:\/\/gipiply.it\/de\/kontakte\/","title":{"rendered":"Kontakte"},"content":{"rendered":"<p>[et_pb_section fb_built=&#8220;1&#8243; _builder_version=&#8220;4.23.1&#8243; _module_preset=&#8220;default&#8220; background_color=&#8220;rgba(0,0,0,0.21)&#8220; background_image=&#8220;https:\/\/gipiply.it\/wp-content\/uploads\/2024\/01\/Foto-sopra-contact-us-scaled.jpg&#8220; background_blend=&#8220;multiply&#8220; bottom_divider_height=&#8220;50px&#8220; locked=&#8220;off&#8220; global_colors_info=&#8220;{}&#8220;][et_pb_row _builder_version=&#8220;4.16&#8243; _module_preset=&#8220;default&#8220; custom_padding=&#8220;4%||4%||true|false&#8220; global_colors_info=&#8220;{}&#8220;][et_pb_column type=&#8220;4_4&#8243; _builder_version=&#8220;4.16&#8243; _module_preset=&#8220;default&#8220; global_colors_info=&#8220;{}&#8220;][et_pb_post_title meta=&#8220;off&#8220; featured_image=&#8220;off&#8220; text_color=&#8220;light&#8220; _builder_version=&#8220;4.19.2&#8243; _module_preset=&#8220;default&#8220; title_font=&#8220;Rajdhani|600|||||||&#8220; title_font_size=&#8220;60px&#8220; title_line_height=&#8220;1.2em&#8220; custom_margin=&#8220;||0px||false|false&#8220; title_font_size_tablet=&#8220;50px&#8220; title_font_size_phone=&#8220;40px&#8220; title_font_size_last_edited=&#8220;on|phone&#8220; global_colors_info=&#8220;{}&#8220;][\/et_pb_post_title][dipl_breadcrumb breadcrumb_layout=&#8220;layout2&#8243; separator_type=&#8220;icon_separator&#8220; separator_icon=&#8220;&#x35;||divi||400&#8243; separator_size=&#8220;20px&#8220; separator_color=&#8220;rgba(255,255,255,0.7)&#8220; use_home_link_custom_text=&#8220;on&#8220; _builder_version=&#8220;4.19.2&#8243; _module_preset=&#8220;default&#8220; text_font=&#8220;Rajdhani|||on|||||&#8220; text_text_color=&#8220;rgba(255,255,255,0.7)&#8220; link_font=&#8220;Rajdhani||||||||&#8220; custom_padding=&#8220;||||false|false&#8220; global_colors_info=&#8220;{}&#8220;][\/dipl_breadcrumb][\/et_pb_column][\/et_pb_row][\/et_pb_section][et_pb_section fb_built=&#8220;1&#8243; _builder_version=&#8220;4.19.2&#8243; _module_preset=&#8220;default&#8220; background_color=&#8220;#FFFFFF&#8220; custom_padding=&#8220;||9%||false|false&#8220; global_colors_info=&#8220;{}&#8220;][et_pb_row column_structure=&#8220;1_3,1_3,1_3&#8243; _builder_version=&#8220;4.16&#8243; _module_preset=&#8220;default&#8220; custom_padding=&#8220;40px||40px||true|false&#8220; global_colors_info=&#8220;{}&#8220;][et_pb_column type=&#8220;1_3&#8243; _builder_version=&#8220;4.16&#8243; _module_preset=&#8220;default&#8220; global_colors_info=&#8220;{}&#8220;][et_pb_blurb title=&#8220;Adresse&#8220; use_icon=&#8220;on&#8220; font_icon=&#8220;&#xe081;||divi||400&#8243; icon_color=&#8220;#505532&#8243; icon_placement=&#8220;left&#8220; image_icon_width=&#8220;40px&#8220; admin_label=&#8220;Address&#8220; _builder_version=&#8220;4.23.1&#8243; _module_preset=&#8220;default&#8220; header_font=&#8220;Rajdhani|600|||||||&#8220; header_font_size=&#8220;24px&#8220; header_line_height=&#8220;1.2em&#8220; body_font=&#8220;Roboto||||||||&#8220; body_text_color=&#8220;#505532&#8243; header_font_size_tablet=&#8220;&#8220; header_font_size_phone=&#8220;20px&#8220; header_font_size_last_edited=&#8220;on|phone&#8220; icon_font_size=&#8220;40px&#8220; global_colors_info=&#8220;{}&#8220;]<strong>B\u00fcro<\/strong>: Strada di Lischeto, 399, 53018 Sovicille SI<\/p>\n<p><strong>Verwaltung<\/strong>: Strada di Fogliano, 41, 53100, Siena[\/et_pb_blurb][\/et_pb_column][et_pb_column type=&#8220;1_3&#8243; _builder_version=&#8220;4.16&#8243; _module_preset=&#8220;default&#8220; global_colors_info=&#8220;{}&#8220;][et_pb_blurb title=&#8220;Telefonnummer&#8220; use_icon=&#8220;on&#8220; font_icon=&#8220;&#xe090;||divi||400&#8243; icon_color=&#8220;#505532&#8243; icon_placement=&#8220;left&#8220; image_icon_width=&#8220;40px&#8220; admin_label=&#8220;Phone&#8220; _builder_version=&#8220;4.23.1&#8243; _module_preset=&#8220;default&#8220; header_font=&#8220;Rajdhani|600|||||||&#8220; header_font_size=&#8220;24px&#8220; header_line_height=&#8220;1.2em&#8220; body_font=&#8220;Roboto||||||||&#8220; body_text_color=&#8220;#505532&#8243; header_font_size_tablet=&#8220;&#8220; header_font_size_phone=&#8220;20px&#8220; header_font_size_last_edited=&#8220;on|phone&#8220; icon_font_size=&#8220;40px&#8220; global_colors_info=&#8220;{}&#8220;]<strong>B\u00fcro<\/strong>: <a style=\"color: #505532;\" href=\"tel:0577347587\">(+39) 0577 347587<\/a><br \/>\n<strong>Handy<\/strong>: <a style=\"color: #505532;\" href=\"tel:+393356173311\">(+39) 335 61 73 311<\/a>[\/et_pb_blurb][\/et_pb_column][et_pb_column type=&#8220;1_3&#8243; _builder_version=&#8220;4.16&#8243; _module_preset=&#8220;default&#8220; global_colors_info=&#8220;{}&#8220;][et_pb_blurb title=&#8220;Email&#8220; use_icon=&#8220;on&#8220; font_icon=&#8220;&#xe076;||divi||400&#8243; icon_color=&#8220;#505532&#8243; icon_placement=&#8220;left&#8220; image_icon_width=&#8220;40px&#8220; admin_label=&#8220;Email&#8220; _builder_version=&#8220;4.19.2&#8243; _module_preset=&#8220;default&#8220; header_font=&#8220;Rajdhani|600|||||||&#8220; header_font_size=&#8220;24px&#8220; header_line_height=&#8220;1.2em&#8220; body_font=&#8220;Roboto||||||||&#8220; body_text_color=&#8220;#505532&#8243; header_font_size_tablet=&#8220;&#8220; header_font_size_phone=&#8220;20px&#8220; header_font_size_last_edited=&#8220;on|phone&#8220; icon_font_size=&#8220;40px&#8220; global_colors_info=&#8220;{}&#8220;]<a style=\"color: #505532;\" href=\"mailto:s.giacobbi@gipiply.it\">s.giacobbi@gipiply.it<\/a><br \/>\n<a style=\"color: #505532;\" href=\"mailto:info@gipiply.it\">info@gipiply.it<\/a>[\/et_pb_blurb][\/et_pb_column][\/et_pb_row][et_pb_row column_structure=&#8220;1_2,1_2&#8243; use_custom_gutter=&#8220;on&#8220; gutter_width=&#8220;2&#8243; make_equal=&#8220;on&#8220; _builder_version=&#8220;4.16&#8243; _module_preset=&#8220;default&#8220; custom_css_main_element=&#8220;align-items:center;&#8220; global_colors_info=&#8220;{}&#8220;][et_pb_column type=&#8220;1_2&#8243; _builder_version=&#8220;4.16&#8243; _module_preset=&#8220;default&#8220; custom_padding=&#8220;90px||90px||true|false&#8220; custom_padding_tablet=&#8220;&#8220; custom_padding_phone=&#8220;0px||0px||true|false&#8220; custom_padding_last_edited=&#8220;on|phone&#8220; global_colors_info=&#8220;{}&#8220;][et_pb_text _builder_version=&#8220;4.19.2&#8243; _module_preset=&#8220;default&#8220; header_text_align=&#8220;center&#8220; header_4_font=&#8220;Rajdhani||||||||&#8220; header_4_text_align=&#8220;left&#8220; header_4_text_color=&#8220;#505532&#8243; header_4_font_size=&#8220;24px&#8220; header_4_letter_spacing=&#8220;1px&#8220; header_4_line_height=&#8220;1.2em&#8220; custom_margin=&#8220;||10px||false|false&#8220; custom_padding=&#8220;||||false|false&#8220; locked=&#8220;off&#8220; global_colors_info=&#8220;{}&#8220;]<\/p>\n<h4>Kontaktiere uns<\/h4>\n<p>[\/et_pb_text][dipl_double_color_heading heading_pre_part=&#8220;IHR KONTAKT &#8220; heading_main_part=&#8220;ZU UNS&#8220; admin_label=&#8220;CONNECT WITH US&#8220; _builder_version=&#8220;4.23.4&#8243; _module_preset=&#8220;default&#8220; global_heading_settings_text_align=&#8220;left&#8220; pre_header_font=&#8220;Rajdhani|300||on|||||&#8220; pre_header_text_color=&#8220;#000000&#8243; pre_header_font_size=&#8220;50px&#8220; pre_header_line_height=&#8220;1.2em&#8220; main_header_font=&#8220;Rajdhani|600||on|||||&#8220; main_header_font_size=&#8220;50px&#8220; main_header_line_height=&#8220;1.2em&#8220; pre_header_font_size_tablet=&#8220;40px&#8220; pre_header_font_size_phone=&#8220;30px&#8220; pre_header_font_size_last_edited=&#8220;on|phone&#8220; main_header_font_size_tablet=&#8220;40px&#8220; main_header_font_size_phone=&#8220;30px&#8220; main_header_font_size_last_edited=&#8220;on|phone&#8220; locked=&#8220;off&#8220; global_colors_info=&#8220;{}&#8220;][\/dipl_double_color_heading][et_pb_text _builder_version=&#8220;4.23.4&#8243; _module_preset=&#8220;default&#8220; text_font=&#8220;Roboto|300|||||||&#8220; text_text_color=&#8220;#000000&#8243; text_font_size=&#8220;18px&#8220; text_line_height=&#8220;1.8em&#8220; custom_margin=&#8220;||16px||false|false&#8220; locked=&#8220;off&#8220; global_colors_info=&#8220;{}&#8220;]Jeden Tag kn\u00fcpfen wir neue Gesch\u00e4ftsbeziehungen und langfristige Partnerschaften und sind stets offen f\u00fcr neue Ideen und Herausforderungen.<br \/>\nF\u00fclle das Formular aus, um mit uns in Kontakt zu treten und gemeinsam deine gesch\u00e4ftlichen und technischen Ziele zu erreichen.<br \/>\nWir stehen zu Ihrer Verf\u00fcgung![\/et_pb_text][\/et_pb_column][et_pb_column type=&#8220;1_2&#8243; _builder_version=&#8220;4.16&#8243; _module_preset=&#8220;default&#8220; background_color=&#8220;#FFFFFF&#8220; custom_padding=&#8220;60px|40px|60px|40px|true|true&#8220; box_shadow_style=&#8220;preset3&#8243; global_colors_info=&#8220;{}&#8220;][et_pb_contact_form _builder_version=&#8220;4.25.0&#8243; _module_preset=&#8220;default&#8220; _unique_id=&#8220;3b86c8c3-9984-4fab-8a51-16dd3617ad36&#8243; form_field_background_color=&#8220;#FFFFFF&#8220; form_field_font=&#8220;Roboto||||||||&#8220; form_field_font_size=&#8220;16px&#8220; form_field_line_height=&#8220;1.8em&#8220; background_enable_color=&#8220;off&#8220; custom_button=&#8220;on&#8220; button_text_size=&#8220;18px&#8220; button_text_color=&#8220;#FFFFFF&#8220; button_bg_color=&#8220;#505532&#8243; button_border_color=&#8220;#f1b619&#8243; button_font=&#8220;Roboto||||||||&#8220; button_use_icon=&#8220;off&#8220; button_custom_padding=&#8220;14px|40px|14px|40px|true|true&#8220; hover_enabled=&#8220;0&#8243; border_color_all=&#8220;#000000&#8243; border_width_bottom=&#8220;1px&#8220; border_color_bottom=&#8220;#dddddd&#8220; locked=&#8220;off&#8220; global_colors_info=&#8220;{}&#8220; button_text_color__hover_enabled=&#8220;on|hover&#8220; button_text_color__hover=&#8220;#FFFFFF&#8220; button_bg_color__hover_enabled=&#8220;on|desktop&#8220; button_bg_color__hover=&#8220;#000000&#8243; button_bg_enable_color__hover=&#8220;on&#8220; button_icon_color__hover_enabled=&#8220;on|hover&#8220; button_icon_color__hover=&#8220;#f1b619&#8243; button_border_width__hover_enabled=&#8220;off|hover&#8220; form_field_background_color__hover_enabled=&#8220;off|desktop&#8220; email=&#8220;info@gipiply.it&#8220; custom_message=&#8220;Nuovo messaggio dal sito web da:||et_pb_line_break_holder||%%Name%%||et_pb_line_break_holder||%%Email%%||et_pb_line_break_holder||%%Phone_No%%||et_pb_line_break_holder||%%Message%%||et_pb_line_break_holder||||et_pb_line_break_holder||%%Privacy%%&#8220; use_spam_service=&#8220;on&#8220; recaptcha_list=&#8220;gipipliy|gipipliy-0&#8243; sticky_enabled=&#8220;0&#8243;][et_pb_contact_field field_id=&#8220;Name&#8220; field_title=&#8220;Vor- und Nachname&#8220; fullwidth_field=&#8220;on&#8220; _builder_version=&#8220;4.19.2&#8243; global_colors_info=&#8220;{}&#8220; button_text_size__hover_enabled=&#8220;off&#8220; button_one_text_size__hover_enabled=&#8220;off&#8220; button_two_text_size__hover_enabled=&#8220;off&#8220; button_text_color__hover_enabled=&#8220;off&#8220; button_one_text_color__hover_enabled=&#8220;off&#8220; button_two_text_color__hover_enabled=&#8220;off&#8220; button_border_width__hover_enabled=&#8220;off&#8220; button_one_border_width__hover_enabled=&#8220;off&#8220; button_two_border_width__hover_enabled=&#8220;off&#8220; button_border_color__hover_enabled=&#8220;off&#8220; button_one_border_color__hover_enabled=&#8220;off&#8220; button_two_border_color__hover_enabled=&#8220;off&#8220; button_border_radius__hover_enabled=&#8220;off&#8220; button_one_border_radius__hover_enabled=&#8220;off&#8220; button_two_border_radius__hover_enabled=&#8220;off&#8220; button_letter_spacing__hover_enabled=&#8220;off&#8220; button_one_letter_spacing__hover_enabled=&#8220;off&#8220; button_two_letter_spacing__hover_enabled=&#8220;off&#8220; button_bg_color__hover_enabled=&#8220;off&#8220; button_one_bg_color__hover_enabled=&#8220;off&#8220; button_two_bg_color__hover_enabled=&#8220;off&#8220;][\/et_pb_contact_field][et_pb_contact_field field_id=&#8220;Email&#8220; field_title=&#8220;E-Mail-Adresse&#8220; field_type=&#8220;email&#8220; fullwidth_field=&#8220;on&#8220; _builder_version=&#8220;4.19.2&#8243; global_colors_info=&#8220;{}&#8220; button_text_size__hover_enabled=&#8220;off&#8220; button_one_text_size__hover_enabled=&#8220;off&#8220; button_two_text_size__hover_enabled=&#8220;off&#8220; button_text_color__hover_enabled=&#8220;off&#8220; button_one_text_color__hover_enabled=&#8220;off&#8220; button_two_text_color__hover_enabled=&#8220;off&#8220; button_border_width__hover_enabled=&#8220;off&#8220; button_one_border_width__hover_enabled=&#8220;off&#8220; button_two_border_width__hover_enabled=&#8220;off&#8220; button_border_color__hover_enabled=&#8220;off&#8220; button_one_border_color__hover_enabled=&#8220;off&#8220; button_two_border_color__hover_enabled=&#8220;off&#8220; button_border_radius__hover_enabled=&#8220;off&#8220; button_one_border_radius__hover_enabled=&#8220;off&#8220; button_two_border_radius__hover_enabled=&#8220;off&#8220; button_letter_spacing__hover_enabled=&#8220;off&#8220; button_one_letter_spacing__hover_enabled=&#8220;off&#8220; button_two_letter_spacing__hover_enabled=&#8220;off&#8220; button_bg_color__hover_enabled=&#8220;off&#8220; button_one_bg_color__hover_enabled=&#8220;off&#8220; button_two_bg_color__hover_enabled=&#8220;off&#8220;][\/et_pb_contact_field][et_pb_contact_field field_id=&#8220;Phone_No&#8220; field_title=&#8220;Telefonnummer&#8220; fullwidth_field=&#8220;on&#8220; _builder_version=&#8220;4.19.2&#8243; _module_preset=&#8220;default&#8220; global_colors_info=&#8220;{}&#8220;][\/et_pb_contact_field][et_pb_contact_field field_id=&#8220;Message&#8220; field_title=&#8220;Nachricht&#8220; field_type=&#8220;text&#8220; fullwidth_field=&#8220;on&#8220; _builder_version=&#8220;4.19.2&#8243; global_colors_info=&#8220;{}&#8220; button_text_size__hover_enabled=&#8220;off&#8220; button_one_text_size__hover_enabled=&#8220;off&#8220; button_two_text_size__hover_enabled=&#8220;off&#8220; button_text_color__hover_enabled=&#8220;off&#8220; button_one_text_color__hover_enabled=&#8220;off&#8220; button_two_text_color__hover_enabled=&#8220;off&#8220; button_border_width__hover_enabled=&#8220;off&#8220; button_one_border_width__hover_enabled=&#8220;off&#8220; button_two_border_width__hover_enabled=&#8220;off&#8220; button_border_color__hover_enabled=&#8220;off&#8220; button_one_border_color__hover_enabled=&#8220;off&#8220; button_two_border_color__hover_enabled=&#8220;off&#8220; button_border_radius__hover_enabled=&#8220;off&#8220; button_one_border_radius__hover_enabled=&#8220;off&#8220; button_two_border_radius__hover_enabled=&#8220;off&#8220; button_letter_spacing__hover_enabled=&#8220;off&#8220; button_one_letter_spacing__hover_enabled=&#8220;off&#8220; button_two_letter_spacing__hover_enabled=&#8220;off&#8220; button_bg_color__hover_enabled=&#8220;off&#8220; button_one_bg_color__hover_enabled=&#8220;off&#8220; button_two_bg_color__hover_enabled=&#8220;off&#8220;][\/et_pb_contact_field][et_pb_contact_field fullwidth_field=&#8220;on&#8220; _builder_version=&#8220;4.25.0&#8243; _module_preset=&#8220;default&#8220; field_id=&#8220;Privacy&#8220; field_title=&#8220; &#8220; field_type=&#8220;checkbox&#8220; checkbox_options=&#8220;%91{%22value%22:%22 Mit der Nutzung des Formulars akzeptieren Sie die Datenverarbeitung gem\u00e4\u00df unserer %22,%22checked%22:1,%22dragID%22:-1,%22link_url%22:%22\/dichiarazione-sulla-privacy-ue\/%22,%22link_text%22:%22Datenschutzerkl\u00e4rung%22}%93&#8243; hover_enabled=&#8220;0&#8243; sticky_enabled=&#8220;0&#8243;][\/et_pb_contact_field][\/et_pb_contact_form][\/et_pb_column][\/et_pb_row][\/et_pb_section]<\/p>\n","protected":false},"excerpt":{"rendered":"<p><div class=\"et_pb_module dipl_breadcrumb dipl_breadcrumb_0\">\n\t\t\t\t\n\t\t\t\t\n\t\t\t\t\n\t\t\t\t\n\t\t\t\t\n\t\t\t\t\n\t\t\t\t<div class=\"et_pb_module_inner\">\n\t\t\t\t\t<div class=\"dipl-breadcrumb-wrapper layout2\">\n\t\t\t\t<ol class=\"dipl-breadcrumb-inner\" vocab=\"https:\/\/schema.org\/\" typeof=\"BreadcrumbList\">\n\t\t\t\t\t<li property=\"itemListElement\" typeof=\"ListItem\" data-icon=\"&#x35;\">\n\t\t\t\t\t\t\t\t<a class=\"breadcrumb-item dipl-home-page\" href=\"https:\/\/gipiply.it\/de\/\" property=\"item\" typeof=\"WebPage\" >\n\t\t\t\t\t\t\t\t\t<span class=\"breadcrumb-page\" property=\"name\">Home<\/span>\n\t\t\t\t\t\t\t\t<\/a>\n\t\t\t\t\t\t\t\t<meta property=\"position\" content=\"1\" \/>\n\t\t\t\t\t\t\t<\/li>\n\t\t\t\t<\/ol>\n\t\t\t<\/div>\n\t\t\t\t<\/div>\n\t\t\t<\/div>B\u00fcro: Strada di Lischeto, 399, 53018 Sovicille SI Verwaltung: Strada di Fogliano, 41, 53100, SienaB\u00fcro: (+39) 0577 347587 Handy: (+39) 335 61 73 311s.giacobbi@gipiply.it info@gipiply.itKontaktiere uns<div class=\"et_pb_module dipl_double_color_heading dipl_double_color_heading_0 \">\n\t\t\t\t\n\t\t\t\t\n\t\t\t\t\n\t\t\t\t\n\t\t\t\t\n\t\t\t\t\n\t\t\t\t<div class=\"et_pb_module_inner\">\n\t\t\t\t\t<div class=\"dipl_text_wrapper\"><h2><span class=\"dipl_pre_text\">&#8220;IHR<\/span><span class=\"dipl_main_text\">&#8220;ZU<\/span><\/h2><\/div>\n\t\t\t\t<\/div>\n\t\t\t<\/div><\/p>\n","protected":false},"author":1,"featured_media":0,"parent":0,"menu_order":0,"comment_status":"closed","ping_status":"closed","template":"","meta":{"_et_pb_use_builder":"on","_et_pb_old_content":"","_et_gb_content_width":"","footnotes":""},"class_list":["post-100995","page","type-page","status-publish","hentry"],"yoast_head":"<!-- This site is optimized with the Yoast SEO plugin v27.2 - https:\/\/yoast.com\/product\/yoast-seo-wordpress\/ -->\n<title>Kontakte - Gi.Pi.Ply.<\/title>\n<meta name=\"robots\" content=\"index, follow, max-snippet:-1, max-image-preview:large, max-video-preview:-1\" \/>\n<link rel=\"canonical\" href=\"https:\/\/gipiply.it\/contact\/\" \/>\n<meta property=\"og:locale\" content=\"de_DE\" \/>\n<meta property=\"og:type\" content=\"article\" \/>\n<meta property=\"og:title\" content=\"Kontakte - Gi.Pi.Ply.\" \/>\n<meta property=\"og:description\" content=\"B\u00fcro: Strada di Lischeto, 399, 53018 Sovicille SI Verwaltung: Strada di Fogliano, 41, 53100, SienaB\u00fcro: (+39) 0577 347587 Handy: (+39) 335 61 73 311s.giacobbi@gipiply.it info@gipiply.itKontaktiere uns\" \/>\n<meta property=\"og:url\" content=\"https:\/\/gipiply.it\/contact\/\" \/>\n<meta property=\"og:site_name\" content=\"Gi.Pi.Ply.\" \/>\n<meta property=\"article:modified_time\" content=\"2024-04-23T10:35:15+00:00\" \/>\n<meta name=\"twitter:card\" content=\"summary_large_image\" \/>\n<meta name=\"twitter:label1\" content=\"Gesch\u00e4tzte Lesezeit\" \/>\n\t<meta name=\"twitter:data1\" content=\"8\u00a0Minuten\" \/>\n<script type=\"application\/ld+json\" class=\"yoast-schema-graph\">{\"@context\":\"https:\/\/schema.org\",\"@graph\":[{\"@type\":\"WebPage\",\"@id\":\"https:\/\/gipiply.it\/contact\/\",\"url\":\"https:\/\/gipiply.it\/contact\/\",\"name\":\"Kontakte - Gi.Pi.Ply.\",\"isPartOf\":{\"@id\":\"https:\/\/gipiply.it\/#website\"},\"datePublished\":\"2021-01-25T07:15:42+00:00\",\"dateModified\":\"2024-04-23T10:35:15+00:00\",\"breadcrumb\":{\"@id\":\"https:\/\/gipiply.it\/contact\/#breadcrumb\"},\"inLanguage\":\"de\",\"potentialAction\":[{\"@type\":\"ReadAction\",\"target\":[\"https:\/\/gipiply.it\/contact\/\"]}]},{\"@type\":\"BreadcrumbList\",\"@id\":\"https:\/\/gipiply.it\/contact\/#breadcrumb\",\"itemListElement\":[{\"@type\":\"ListItem\",\"position\":1,\"name\":\"Home\",\"item\":\"https:\/\/gipiply.it\/de\/\"},{\"@type\":\"ListItem\",\"position\":2,\"name\":\"Kontakte\"}]},{\"@type\":\"WebSite\",\"@id\":\"https:\/\/gipiply.it\/#website\",\"url\":\"https:\/\/gipiply.it\/\",\"name\":\"Gi.Pi. Ply\",\"description\":\"Il legno e le sue applicazioni\",\"publisher\":{\"@id\":\"https:\/\/gipiply.it\/#organization\"},\"potentialAction\":[{\"@type\":\"SearchAction\",\"target\":{\"@type\":\"EntryPoint\",\"urlTemplate\":\"https:\/\/gipiply.it\/?s={search_term_string}\"},\"query-input\":{\"@type\":\"PropertyValueSpecification\",\"valueRequired\":true,\"valueName\":\"search_term_string\"}}],\"inLanguage\":\"de\"},{\"@type\":\"Organization\",\"@id\":\"https:\/\/gipiply.it\/#organization\",\"name\":\"Gi.Pi. Ply\",\"url\":\"https:\/\/gipiply.it\/\",\"logo\":{\"@type\":\"ImageObject\",\"inLanguage\":\"de\",\"@id\":\"https:\/\/gipiply.it\/#\/schema\/logo\/image\/\",\"url\":\"https:\/\/gipiply.it\/wp-content\/uploads\/2023\/03\/logo-gipi.png\",\"contentUrl\":\"https:\/\/gipiply.it\/wp-content\/uploads\/2023\/03\/logo-gipi.png\",\"width\":846,\"height\":311,\"caption\":\"Gi.Pi. Ply\"},\"image\":{\"@id\":\"https:\/\/gipiply.it\/#\/schema\/logo\/image\/\"}}]}<\/script>\n<!-- \/ Yoast SEO plugin. -->","yoast_head_json":{"title":"Kontakte - Gi.Pi.Ply.","robots":{"index":"index","follow":"follow","max-snippet":"max-snippet:-1","max-image-preview":"max-image-preview:large","max-video-preview":"max-video-preview:-1"},"canonical":"https:\/\/gipiply.it\/contact\/","og_locale":"de_DE","og_type":"article","og_title":"Kontakte - Gi.Pi.Ply.","og_description":"B\u00fcro: Strada di Lischeto, 399, 53018 Sovicille SI Verwaltung: Strada di Fogliano, 41, 53100, SienaB\u00fcro: (+39) 0577 347587 Handy: (+39) 335 61 73 311s.giacobbi@gipiply.it info@gipiply.itKontaktiere uns","og_url":"https:\/\/gipiply.it\/contact\/","og_site_name":"Gi.Pi.Ply.","article_modified_time":"2024-04-23T10:35:15+00:00","twitter_card":"summary_large_image","twitter_misc":{"Gesch\u00e4tzte Lesezeit":"8\u00a0Minuten"},"schema":{"@context":"https:\/\/schema.org","@graph":[{"@type":"WebPage","@id":"https:\/\/gipiply.it\/contact\/","url":"https:\/\/gipiply.it\/contact\/","name":"Kontakte - Gi.Pi.Ply.","isPartOf":{"@id":"https:\/\/gipiply.it\/#website"},"datePublished":"2021-01-25T07:15:42+00:00","dateModified":"2024-04-23T10:35:15+00:00","breadcrumb":{"@id":"https:\/\/gipiply.it\/contact\/#breadcrumb"},"inLanguage":"de","potentialAction":[{"@type":"ReadAction","target":["https:\/\/gipiply.it\/contact\/"]}]},{"@type":"BreadcrumbList","@id":"https:\/\/gipiply.it\/contact\/#breadcrumb","itemListElement":[{"@type":"ListItem","position":1,"name":"Home","item":"https:\/\/gipiply.it\/de\/"},{"@type":"ListItem","position":2,"name":"Kontakte"}]},{"@type":"WebSite","@id":"https:\/\/gipiply.it\/#website","url":"https:\/\/gipiply.it\/","name":"Gi.Pi. Ply","description":"Il legno e le sue applicazioni","publisher":{"@id":"https:\/\/gipiply.it\/#organization"},"potentialAction":[{"@type":"SearchAction","target":{"@type":"EntryPoint","urlTemplate":"https:\/\/gipiply.it\/?s={search_term_string}"},"query-input":{"@type":"PropertyValueSpecification","valueRequired":true,"valueName":"search_term_string"}}],"inLanguage":"de"},{"@type":"Organization","@id":"https:\/\/gipiply.it\/#organization","name":"Gi.Pi. Ply","url":"https:\/\/gipiply.it\/","logo":{"@type":"ImageObject","inLanguage":"de","@id":"https:\/\/gipiply.it\/#\/schema\/logo\/image\/","url":"https:\/\/gipiply.it\/wp-content\/uploads\/2023\/03\/logo-gipi.png","contentUrl":"https:\/\/gipiply.it\/wp-content\/uploads\/2023\/03\/logo-gipi.png","width":846,"height":311,"caption":"Gi.Pi. Ply"},"image":{"@id":"https:\/\/gipiply.it\/#\/schema\/logo\/image\/"}}]}},"_links":{"self":[{"href":"https:\/\/gipiply.it\/de\/wp-json\/wp\/v2\/pages\/100995","targetHints":{"allow":["GET"]}}],"collection":[{"href":"https:\/\/gipiply.it\/de\/wp-json\/wp\/v2\/pages"}],"about":[{"href":"https:\/\/gipiply.it\/de\/wp-json\/wp\/v2\/types\/page"}],"author":[{"embeddable":true,"href":"https:\/\/gipiply.it\/de\/wp-json\/wp\/v2\/users\/1"}],"replies":[{"embeddable":true,"href":"https:\/\/gipiply.it\/de\/wp-json\/wp\/v2\/comments?post=100995"}],"version-history":[{"count":5,"href":"https:\/\/gipiply.it\/de\/wp-json\/wp\/v2\/pages\/100995\/revisions"}],"predecessor-version":[{"id":101234,"href":"https:\/\/gipiply.it\/de\/wp-json\/wp\/v2\/pages\/100995\/revisions\/101234"}],"wp:attachment":[{"href":"https:\/\/gipiply.it\/de\/wp-json\/wp\/v2\/media?parent=100995"}],"curies":[{"name":"wp","href":"https:\/\/api.w.org\/{rel}","templated":true}]}}